{"id":2,"date":"2024-09-20T11:16:08","date_gmt":"2024-09-20T11:16:08","guid":{"rendered":"https:\/\/carpinteriaartetxe.rkinformatika.online\/?page_id=2"},"modified":"2025-03-31T10:15:01","modified_gmt":"2025-03-31T10:15:01","slug":"inicio","status":"publish","type":"page","link":"https:\/\/drkaterynapolishchuk.com\/en\/","title":{"rendered":"Start"},"content":{"rendered":"<div data-elementor-type=\"wp-page\" data-elementor-id=\"2\" class=\"elementor elementor-2\" data-elementor-post-type=\"page\">\n\t\t\t\t<div class=\"elementor-element elementor-element-99bfd16 e-con-full e-flex e-con e-parent\" data-id=\"99bfd16\" data-element_type=\"container\" data-e-type=\"container\" data-settings=\"{&quot;background_background&quot;:&quot;classic&quot;}\">\n\t\t\t\t<div class=\"elementor-element elementor-element-fe7d472 elementor-widget elementor-widget-heading\" data-id=\"fe7d472\" data-element_type=\"widget\" data-e-type=\"widget\" data-widget_type=\"heading.default\">\n\t\t\t\t<div class=\"elementor-widget-container\">\n\t\t\t\t\t<h2 class=\"elementor-heading-title elementor-size-default\">Dr. Kateryna <br>Polishchuk<\/h2>\t\t\t\t<\/div>\n\t\t\t\t<\/div>\n\t\t\t\t<\/div>\n\t\t<div class=\"elementor-element elementor-element-86dc876 e-flex e-con-boxed e-con e-parent\" data-id=\"86dc876\" data-element_type=\"container\" data-e-type=\"container\">\n\t\t\t\t\t<div class=\"e-con-inner\">\n\t\t<div class=\"elementor-element elementor-element-7e47aad e-con-full e-flex e-con e-child\" data-id=\"7e47aad\" data-element_type=\"container\" data-e-type=\"container\" data-settings=\"{&quot;background_background&quot;:&quot;classic&quot;}\">\n\t\t\t\t<div class=\"elementor-element elementor-element-9e40139 elementor-widget elementor-widget-image\" data-id=\"9e40139\" data-element_type=\"widget\" data-e-type=\"widget\" data-widget_type=\"image.default\">\n\t\t\t\t<div class=\"elementor-widget-container\">\n\t\t\t\t\t\t\t\t\t\t\t\t\t\t\t<img fetchpriority=\"high\" decoding=\"async\" width=\"500\" height=\"500\" src=\"https:\/\/drkaterynapolishchuk.com\/wp-content\/uploads\/2025\/02\/Dr.-Kateryna-Polishchuk-2.png\" class=\"attachment-medium_large size-medium_large wp-image-712\" alt=\"\" srcset=\"https:\/\/drkaterynapolishchuk.com\/wp-content\/uploads\/2025\/02\/Dr.-Kateryna-Polishchuk-2.png 500w, https:\/\/drkaterynapolishchuk.com\/wp-content\/uploads\/2025\/02\/Dr.-Kateryna-Polishchuk-2-300x300.png 300w, https:\/\/drkaterynapolishchuk.com\/wp-content\/uploads\/2025\/02\/Dr.-Kateryna-Polishchuk-2-150x150.png 150w, https:\/\/drkaterynapolishchuk.com\/wp-content\/uploads\/2025\/02\/Dr.-Kateryna-Polishchuk-2-12x12.png 12w\" sizes=\"(max-width: 500px) 100vw, 500px\" \/>\t\t\t\t\t\t\t\t\t\t\t\t\t\t\t<\/div>\n\t\t\t\t<\/div>\n\t\t\t\t<\/div>\n\t\t<div class=\"elementor-element elementor-element-e54591e e-con-full e-flex e-con e-child\" data-id=\"e54591e\" data-element_type=\"container\" data-e-type=\"container\">\n\t\t\t\t<div class=\"elementor-element elementor-element-54c724a elementor-widget__width-initial elementor-widget elementor-widget-heading\" data-id=\"54c724a\" data-element_type=\"widget\" data-e-type=\"widget\" data-widget_type=\"heading.default\">\n\t\t\t\t<div class=\"elementor-widget-container\">\n\t\t\t\t\t<h2 class=\"elementor-heading-title elementor-size-default\">About me<\/h2>\t\t\t\t<\/div>\n\t\t\t\t<\/div>\n\t\t\t\t<div class=\"elementor-element elementor-element-7278379 elementor-widget elementor-widget-text-editor\" data-id=\"7278379\" data-element_type=\"widget\" data-e-type=\"widget\" data-widget_type=\"text-editor.default\">\n\t\t\t\t<div class=\"elementor-widget-container\">\n\t\t\t\t\t\t\t\t\t<p>I am a doctor by training, and beauty, health, and self-confidence have always been at the heart of my professional activities. In Ukraine, I have been practicing massage and kinesiology taping for over two years, helping people feel better. Later, I became interested in laser hair removal, a modern and effective method that allows women to forget about unwanted hair and enjoy perfectly smooth skin.<\/p><p>My journey in the field of laser hair removal began in Ukraine, but due to the outbreak of war, I was unable to pursue my plans. After moving to Spain, I landed a job at a chain of laser hair removal salons, where I gained valuable experience, mastered all the ins and outs of the job, and became convinced that this was truly my calling.<\/p><p>Today, I work independently, using only the most modern equipment to provide girls with beauty, comfort, and self-confidence. I am constantly learning, improving my skills, and implementing the latest technologies to make each procedure as effective, painless, and safe as possible.<\/p><p>My goal is to make your journey to perfect skin easy, enjoyable, and effective. I invite you to trust a professional and experience the quality of truly caring treatment!<\/p>\t\t\t\t\t\t\t\t<\/div>\n\t\t\t\t<\/div>\n\t\t\t\t<\/div>\n\t\t\t\t\t<\/div>\n\t\t\t\t<\/div>\n\t\t<div class=\"elementor-element elementor-element-6f17978 e-con-full e-flex e-con e-parent\" data-id=\"6f17978\" data-element_type=\"container\" data-e-type=\"container\">\n\t\t\t\t<div class=\"elementor-element elementor-element-94e6235 elementor-cta--skin-cover elementor-animated-content elementor-bg-transform elementor-bg-transform-zoom-in elementor-widget elementor-widget-call-to-action\" data-id=\"94e6235\" data-element_type=\"widget\" data-e-type=\"widget\" data-widget_type=\"call-to-action.default\">\n\t\t\t\t<div class=\"elementor-widget-container\">\n\t\t\t\t\t\t\t<div class=\"elementor-cta\">\n\t\t\t\t\t<div class=\"elementor-cta__bg-wrapper\">\n\t\t\t\t<div class=\"elementor-cta__bg elementor-bg\" style=\"background-image: url(https:\/\/drkaterynapolishchuk.com\/wp-content\/uploads\/2025\/02\/2148974282-1024x704.jpg);\" role=\"img\" aria-label=\"2148974282\"><\/div>\n\t\t\t\t<div class=\"elementor-cta__bg-overlay\"><\/div>\n\t\t\t<\/div>\n\t\t\t\t\t\t\t<div class=\"elementor-cta__content\">\n\t\t\t\t\n\t\t\t\t\t\t\t\t\t<h2 class=\"elementor-cta__title elementor-cta__content-item elementor-content-item elementor-animated-item--grow\">\n\t\t\t\t\t\tYour ideal skin is my goal!\t\t\t\t\t<\/h2>\n\t\t\t\t\n\t\t\t\t\n\t\t\t\t\t\t\t\t\t<div class=\"elementor-cta__button-wrapper elementor-cta__content-item elementor-content-item elementor-animated-item--grow\">\n\t\t\t\t\t<a class=\"elementor-cta__button elementor-button elementor-size-\" href=\"https:\/\/drkaterynapolishchuk.com\/en\/servicios\/\">\n\t\t\t\t\t\tServices\t\t\t\t\t<\/a>\n\t\t\t\t\t<\/div>\n\t\t\t\t\t\t\t<\/div>\n\t\t\t\t\t\t<\/div>\n\t\t\t\t\t\t<\/div>\n\t\t\t\t<\/div>\n\t\t\t\t<\/div>\n\t\t\t\t<\/div>","protected":false},"excerpt":{"rendered":"<p>dR. Kateryna Polishchuk Acerca de m\u00ed Soy m\u00e9dica de formaci\u00f3n y la belleza, la salud y la confianza en m\u00ed mismo siempre han estado en el centro de mis actividades profesionales. En Ucrania, he estado practicando masajes y vendajes kinesiol\u00f3gicos durante m\u00e1s de dos a\u00f1os, ayudando a las personas a sentirse mejor. M\u00e1s tarde, me [&hellip;]<\/p>\n","protected":false},"author":4,"featured_media":0,"parent":0,"menu_order":0,"comment_status":"closed","ping_status":"closed","template":"","meta":{"footnotes":""},"class_list":["post-2","page","type-page","status-publish","hentry"],"yoast_head":"<!-- This site is optimized with the Yoast SEO plugin v27.3 - https:\/\/yoast.com\/product\/yoast-seo-wordpress\/ -->\n<title>Inicio - Kateryna Polishchuk<\/title>\n<meta name=\"robots\" content=\"index, follow, max-snippet:-1, max-image-preview:large, max-video-preview:-1\" \/>\n<link rel=\"canonical\" href=\"https:\/\/drkaterynapolishchuk.com\/en\/\" \/>\n<meta property=\"og:locale\" content=\"en_GB\" \/>\n<meta property=\"og:type\" content=\"article\" \/>\n<meta property=\"og:title\" content=\"Inicio - Kateryna Polishchuk\" \/>\n<meta property=\"og:description\" content=\"dR. Kateryna Polishchuk Acerca de m\u00ed Soy m\u00e9dica de formaci\u00f3n y la belleza, la salud y la confianza en m\u00ed mismo siempre han estado en el centro de mis actividades profesionales. En Ucrania, he estado practicando masajes y vendajes kinesiol\u00f3gicos durante m\u00e1s de dos a\u00f1os, ayudando a las personas a sentirse mejor. M\u00e1s tarde, me [&hellip;]\" \/>\n<meta property=\"og:url\" content=\"https:\/\/drkaterynapolishchuk.com\/en\/\" \/>\n<meta property=\"og:site_name\" content=\"Kateryna Polishchuk\" \/>\n<meta property=\"article:modified_time\" content=\"2025-03-31T10:15:01+00:00\" \/>\n<meta property=\"og:image\" content=\"https:\/\/drkaterynapolishchuk.com\/wp-content\/uploads\/2025\/02\/Dr.-Kateryna-Polishchuk-2.png\" \/>\n\t<meta property=\"og:image:width\" content=\"500\" \/>\n\t<meta property=\"og:image:height\" content=\"500\" \/>\n\t<meta property=\"og:image:type\" content=\"image\/png\" \/>\n<meta name=\"twitter:card\" content=\"summary_large_image\" \/>\n<meta name=\"twitter:label1\" content=\"Estimated reading time\" \/>\n\t<meta name=\"twitter:data1\" content=\"2 minutes\" \/>\n<script type=\"application\/ld+json\" class=\"yoast-schema-graph\">{\"@context\":\"https:\\\/\\\/schema.org\",\"@graph\":[{\"@type\":\"WebPage\",\"@id\":\"https:\\\/\\\/drkaterynapolishchuk.com\\\/\",\"url\":\"https:\\\/\\\/drkaterynapolishchuk.com\\\/\",\"name\":\"Inicio - Kateryna Polishchuk\",\"isPartOf\":{\"@id\":\"https:\\\/\\\/drkaterynapolishchuk.com\\\/#website\"},\"primaryImageOfPage\":{\"@id\":\"https:\\\/\\\/drkaterynapolishchuk.com\\\/#primaryimage\"},\"image\":{\"@id\":\"https:\\\/\\\/drkaterynapolishchuk.com\\\/#primaryimage\"},\"thumbnailUrl\":\"https:\\\/\\\/drkaterynapolishchuk.com\\\/wp-content\\\/uploads\\\/2025\\\/02\\\/Dr.-Kateryna-Polishchuk-2.png\",\"datePublished\":\"2024-09-20T11:16:08+00:00\",\"dateModified\":\"2025-03-31T10:15:01+00:00\",\"breadcrumb\":{\"@id\":\"https:\\\/\\\/drkaterynapolishchuk.com\\\/#breadcrumb\"},\"inLanguage\":\"en-GB\",\"potentialAction\":[{\"@type\":\"ReadAction\",\"target\":[\"https:\\\/\\\/drkaterynapolishchuk.com\\\/\"]}]},{\"@type\":\"ImageObject\",\"inLanguage\":\"en-GB\",\"@id\":\"https:\\\/\\\/drkaterynapolishchuk.com\\\/#primaryimage\",\"url\":\"https:\\\/\\\/drkaterynapolishchuk.com\\\/wp-content\\\/uploads\\\/2025\\\/02\\\/Dr.-Kateryna-Polishchuk-2.png\",\"contentUrl\":\"https:\\\/\\\/drkaterynapolishchuk.com\\\/wp-content\\\/uploads\\\/2025\\\/02\\\/Dr.-Kateryna-Polishchuk-2.png\"},{\"@type\":\"BreadcrumbList\",\"@id\":\"https:\\\/\\\/drkaterynapolishchuk.com\\\/#breadcrumb\",\"itemListElement\":[{\"@type\":\"ListItem\",\"position\":1,\"name\":\"Portada\",\"item\":\"https:\\\/\\\/drkaterynapolishchuk.com\\\/\"},{\"@type\":\"ListItem\",\"position\":2,\"name\":\"Inicio\"}]},{\"@type\":\"WebSite\",\"@id\":\"https:\\\/\\\/drkaterynapolishchuk.com\\\/#website\",\"url\":\"https:\\\/\\\/drkaterynapolishchuk.com\\\/\",\"name\":\"Kateryna Polishchuk\",\"description\":\"M\u00e1ster de la depilaci\u00f3n l\u00e1ser\",\"publisher\":{\"@id\":\"https:\\\/\\\/drkaterynapolishchuk.com\\\/#organization\"},\"potentialAction\":[{\"@type\":\"SearchAction\",\"target\":{\"@type\":\"EntryPoint\",\"urlTemplate\":\"https:\\\/\\\/drkaterynapolishchuk.com\\\/?s={search_term_string}\"},\"query-input\":{\"@type\":\"PropertyValueSpecification\",\"valueRequired\":true,\"valueName\":\"search_term_string\"}}],\"inLanguage\":\"en-GB\"},{\"@type\":\"Organization\",\"@id\":\"https:\\\/\\\/drkaterynapolishchuk.com\\\/#organization\",\"name\":\"Kateryna Polishchuk\",\"url\":\"https:\\\/\\\/drkaterynapolishchuk.com\\\/\",\"logo\":{\"@type\":\"ImageObject\",\"inLanguage\":\"en-GB\",\"@id\":\"https:\\\/\\\/drkaterynapolishchuk.com\\\/#\\\/schema\\\/logo\\\/image\\\/\",\"url\":\"https:\\\/\\\/drkaterynapolishchuk.com\\\/wp-content\\\/uploads\\\/2025\\\/02\\\/cropped-Dr.-Kateryna-Polishchuk.png\",\"contentUrl\":\"https:\\\/\\\/drkaterynapolishchuk.com\\\/wp-content\\\/uploads\\\/2025\\\/02\\\/cropped-Dr.-Kateryna-Polishchuk.png\",\"width\":333,\"height\":295,\"caption\":\"Kateryna Polishchuk\"},\"image\":{\"@id\":\"https:\\\/\\\/drkaterynapolishchuk.com\\\/#\\\/schema\\\/logo\\\/image\\\/\"}}]}<\/script>\n<!-- \/ Yoast SEO plugin. -->","yoast_head_json":{"title":"Inicio - Kateryna Polishchuk","robots":{"index":"index","follow":"follow","max-snippet":"max-snippet:-1","max-image-preview":"max-image-preview:large","max-video-preview":"max-video-preview:-1"},"canonical":"https:\/\/drkaterynapolishchuk.com\/en\/","og_locale":"en_GB","og_type":"article","og_title":"Inicio - Kateryna Polishchuk","og_description":"dR. Kateryna Polishchuk Acerca de m\u00ed Soy m\u00e9dica de formaci\u00f3n y la belleza, la salud y la confianza en m\u00ed mismo siempre han estado en el centro de mis actividades profesionales. En Ucrania, he estado practicando masajes y vendajes kinesiol\u00f3gicos durante m\u00e1s de dos a\u00f1os, ayudando a las personas a sentirse mejor. M\u00e1s tarde, me [&hellip;]","og_url":"https:\/\/drkaterynapolishchuk.com\/en\/","og_site_name":"Kateryna Polishchuk","article_modified_time":"2025-03-31T10:15:01+00:00","og_image":[{"width":500,"height":500,"url":"https:\/\/drkaterynapolishchuk.com\/wp-content\/uploads\/2025\/02\/Dr.-Kateryna-Polishchuk-2.png","type":"image\/png"}],"twitter_card":"summary_large_image","twitter_misc":{"Estimated reading time":"2 minutes"},"schema":{"@context":"https:\/\/schema.org","@graph":[{"@type":"WebPage","@id":"https:\/\/drkaterynapolishchuk.com\/","url":"https:\/\/drkaterynapolishchuk.com\/","name":"Inicio - Kateryna Polishchuk","isPartOf":{"@id":"https:\/\/drkaterynapolishchuk.com\/#website"},"primaryImageOfPage":{"@id":"https:\/\/drkaterynapolishchuk.com\/#primaryimage"},"image":{"@id":"https:\/\/drkaterynapolishchuk.com\/#primaryimage"},"thumbnailUrl":"https:\/\/drkaterynapolishchuk.com\/wp-content\/uploads\/2025\/02\/Dr.-Kateryna-Polishchuk-2.png","datePublished":"2024-09-20T11:16:08+00:00","dateModified":"2025-03-31T10:15:01+00:00","breadcrumb":{"@id":"https:\/\/drkaterynapolishchuk.com\/#breadcrumb"},"inLanguage":"en-GB","potentialAction":[{"@type":"ReadAction","target":["https:\/\/drkaterynapolishchuk.com\/"]}]},{"@type":"ImageObject","inLanguage":"en-GB","@id":"https:\/\/drkaterynapolishchuk.com\/#primaryimage","url":"https:\/\/drkaterynapolishchuk.com\/wp-content\/uploads\/2025\/02\/Dr.-Kateryna-Polishchuk-2.png","contentUrl":"https:\/\/drkaterynapolishchuk.com\/wp-content\/uploads\/2025\/02\/Dr.-Kateryna-Polishchuk-2.png"},{"@type":"BreadcrumbList","@id":"https:\/\/drkaterynapolishchuk.com\/#breadcrumb","itemListElement":[{"@type":"ListItem","position":1,"name":"Portada","item":"https:\/\/drkaterynapolishchuk.com\/"},{"@type":"ListItem","position":2,"name":"Inicio"}]},{"@type":"WebSite","@id":"https:\/\/drkaterynapolishchuk.com\/#website","url":"https:\/\/drkaterynapolishchuk.com\/","name":"Kateryna Polishchuk","description":"M\u00e1ster de la depilaci\u00f3n l\u00e1ser","publisher":{"@id":"https:\/\/drkaterynapolishchuk.com\/#organization"},"potentialAction":[{"@type":"SearchAction","target":{"@type":"EntryPoint","urlTemplate":"https:\/\/drkaterynapolishchuk.com\/?s={search_term_string}"},"query-input":{"@type":"PropertyValueSpecification","valueRequired":true,"valueName":"search_term_string"}}],"inLanguage":"en-GB"},{"@type":"Organization","@id":"https:\/\/drkaterynapolishchuk.com\/#organization","name":"Kateryna Polishchuk","url":"https:\/\/drkaterynapolishchuk.com\/","logo":{"@type":"ImageObject","inLanguage":"en-GB","@id":"https:\/\/drkaterynapolishchuk.com\/#\/schema\/logo\/image\/","url":"https:\/\/drkaterynapolishchuk.com\/wp-content\/uploads\/2025\/02\/cropped-Dr.-Kateryna-Polishchuk.png","contentUrl":"https:\/\/drkaterynapolishchuk.com\/wp-content\/uploads\/2025\/02\/cropped-Dr.-Kateryna-Polishchuk.png","width":333,"height":295,"caption":"Kateryna Polishchuk"},"image":{"@id":"https:\/\/drkaterynapolishchuk.com\/#\/schema\/logo\/image\/"}}]}},"_links":{"self":[{"href":"https:\/\/drkaterynapolishchuk.com\/en\/wp-json\/wp\/v2\/pages\/2","targetHints":{"allow":["GET"]}}],"collection":[{"href":"https:\/\/drkaterynapolishchuk.com\/en\/wp-json\/wp\/v2\/pages"}],"about":[{"href":"https:\/\/drkaterynapolishchuk.com\/en\/wp-json\/wp\/v2\/types\/page"}],"author":[{"embeddable":true,"href":"https:\/\/drkaterynapolishchuk.com\/en\/wp-json\/wp\/v2\/users\/4"}],"replies":[{"embeddable":true,"href":"https:\/\/drkaterynapolishchuk.com\/en\/wp-json\/wp\/v2\/comments?post=2"}],"version-history":[{"count":197,"href":"https:\/\/drkaterynapolishchuk.com\/en\/wp-json\/wp\/v2\/pages\/2\/revisions"}],"predecessor-version":[{"id":902,"href":"https:\/\/drkaterynapolishchuk.com\/en\/wp-json\/wp\/v2\/pages\/2\/revisions\/902"}],"wp:attachment":[{"href":"https:\/\/drkaterynapolishchuk.com\/en\/wp-json\/wp\/v2\/media?parent=2"}],"curies":[{"name":"wp","href":"https:\/\/api.w.org\/{rel}","templated":true}]}}